{"id":1177,"date":"2023-06-05T12:17:22","date_gmt":"2023-06-05T12:17:22","guid":{"rendered":"https:\/\/apart-feine-zeit.at\/location-directions\/"},"modified":"2023-11-07T15:44:45","modified_gmt":"2023-11-07T15:44:45","slug":"location-directions","status":"publish","type":"page","link":"https:\/\/apart-feine-zeit.at\/en\/location-directions\/","title":{"rendered":"Location &amp; directions"},"content":{"rendered":"\t\t<div data-elementor-type=\"wp-page\" data-elementor-id=\"1177\" class=\"elementor elementor-1177 elementor-23\" data-elementor-post-type=\"page\">\n\t\t\t\t<div class=\"elementor-element elementor-element-d5b22a9 e-con-full e-flex e-con e-parent\" data-id=\"d5b22a9\" data-element_type=\"container\" data-e-type=\"container\" data-settings=\"{&quot;background_background&quot;:&quot;classic&quot;}\">\n\t\t<div class=\"elementor-element elementor-element-50d00e8e e-con-full e-flex e-con e-parent\" data-id=\"50d00e8e\" data-element_type=\"container\" data-e-type=\"container\">\n\t\t\t\t<div class=\"elementor-element elementor-element-24d8d51f elementor-widget elementor-widget-heading\" data-id=\"24d8d51f\" data-element_type=\"widget\" data-e-type=\"widget\" data-widget_type=\"heading.default\">\n\t\t\t\t<div class=\"elementor-widget-container\">\n\t\t\t\t\t<h2 class=\"elementor-heading-title elementor-size-default\">Location &amp; directions<\/h2>\t\t\t\t<\/div>\n\t\t\t\t<\/div>\n\t\t\t\t<div class=\"elementor-element elementor-element-5a1a38dd elementor-widget__width-auto elementor-absolute bouncing-box bounce-1-effect elementor-widget elementor-widget-image\" data-id=\"5a1a38dd\" data-element_type=\"widget\" data-e-type=\"widget\" data-settings=\"{&quot;_position&quot;:&quot;absolute&quot;}\" data-widget_type=\"image.default\">\n\t\t\t\t<div class=\"elementor-widget-container\">\n\t\t\t\t\t\t\t\t\t\t\t\t\t\t\t<img decoding=\"async\" width=\"97\" height=\"56\" src=\"https:\/\/apart-feine-zeit.at\/wp-content\/uploads\/2023\/06\/Pfeil-Start-1-1.png\" class=\"attachment-large size-large wp-image-1135\" alt=\"\" \/>\t\t\t\t\t\t\t\t\t\t\t\t\t\t\t<\/div>\n\t\t\t\t<\/div>\n\t\t\t\t<\/div>\n\t\t\t\t<\/div>\n\t\t<div class=\"elementor-element elementor-element-ade983c e-flex e-con-boxed e-con e-parent\" data-id=\"ade983c\" data-element_type=\"container\" data-e-type=\"container\">\n\t\t\t\t\t<div class=\"e-con-inner\">\n\t\t\t\t<div class=\"elementor-element elementor-element-784e7b46 elementor-widget elementor-widget-heading\" data-id=\"784e7b46\" data-element_type=\"widget\" data-e-type=\"widget\" data-widget_type=\"heading.default\">\n\t\t\t\t<div class=\"elementor-widget-container\">\n\t\t\t\t\t<h2 class=\"elementor-heading-title elementor-size-default\">Location &amp; directions <\/h2>\t\t\t\t<\/div>\n\t\t\t\t<\/div>\n\t\t\t\t<div class=\"elementor-element elementor-element-78df278d elementor-widget elementor-widget-heading\" data-id=\"78df278d\" data-element_type=\"widget\" data-e-type=\"widget\" data-widget_type=\"heading.default\">\n\t\t\t\t<div class=\"elementor-widget-container\">\n\t\t\t\t\t<h2 class=\"elementor-heading-title elementor-size-default\">Location<\/h2>\t\t\t\t<\/div>\n\t\t\t\t<\/div>\n\t\t<div class=\"elementor-element elementor-element-4b81cf79 e-con-full e-flex e-con e-parent\" data-id=\"4b81cf79\" data-element_type=\"container\" data-e-type=\"container\">\n\t\t\t\t<div class=\"elementor-element elementor-element-7c5feb0b elementor-widget__width-initial elementor-widget-mobile_extra__width-initial elementor-widget elementor-widget-image\" data-id=\"7c5feb0b\" data-element_type=\"widget\" data-e-type=\"widget\" data-widget_type=\"image.default\">\n\t\t\t\t<div class=\"elementor-widget-container\">\n\t\t\t\t\t\t\t\t\t\t\t\t\t\t\t<img decoding=\"async\" width=\"153\" height=\"154\" src=\"https:\/\/apart-feine-zeit.at\/wp-content\/uploads\/2023\/06\/Favicon-feine-zeit-1-1.png\" class=\"attachment-large size-large wp-image-1136\" alt=\"\" srcset=\"https:\/\/apart-feine-zeit.at\/wp-content\/uploads\/2023\/06\/Favicon-feine-zeit-1-1.png 153w, https:\/\/apart-feine-zeit.at\/wp-content\/uploads\/2023\/06\/Favicon-feine-zeit-1-1-150x150.png 150w\" sizes=\"(max-width: 153px) 100vw, 153px\" \/>\t\t\t\t\t\t\t\t\t\t\t\t\t\t\t<\/div>\n\t\t\t\t<\/div>\n\t\t\t\t<div class=\"elementor-element elementor-element-5f50b3d4 link-gruen elementor-widget elementor-widget-text-editor\" data-id=\"5f50b3d4\" data-element_type=\"widget\" data-e-type=\"widget\" data-widget_type=\"text-editor.default\">\n\t\t\t\t<div class=\"elementor-widget-container\">\n\t\t\t\t\t\t\t\t\t<p class=\"Text\"><span lang=\"DE\">Situated between Imst and Landeck, surrounded by beautiful meadows and mountains, the community of <b>Sch\u00f6nwies<\/b> in the Upper Inn Valley lives up to its name. Due to its <b>central location<\/b> between mountain and valley, it is the perfect starting point for a wide variety of excursion destinations \u2013 a true vacation paradise for nature lovers and people who like their time off to be diverse and flexible.<\/span><\/p>\n\t\t\t\t\t\t\t\t<\/div>\n\t\t\t\t<\/div>\n\t\t\t\t<\/div>\n\t\t\t\t\t<\/div>\n\t\t\t\t<\/div>\n\t\t<div class=\"elementor-element elementor-element-de27a62 e-flex e-con-boxed e-con e-parent\" data-id=\"de27a62\" data-element_type=\"container\" data-e-type=\"container\" data-settings=\"{&quot;background_background&quot;:&quot;classic&quot;}\">\n\t\t\t\t\t<div class=\"e-con-inner\">\n\t\t<div class=\"elementor-element elementor-element-6500899 e-con-full e-flex e-con e-parent\" data-id=\"6500899\" data-element_type=\"container\" data-e-type=\"container\">\n\t\t<div class=\"elementor-element elementor-element-0bfb89e e-con-full e-flex e-con e-parent\" data-id=\"0bfb89e\" data-element_type=\"container\" data-e-type=\"container\" data-settings=\"{&quot;background_background&quot;:&quot;classic&quot;}\">\n\t\t\t\t<div class=\"elementor-element elementor-element-7d92084 elementor-widget elementor-widget-menu-anchor\" data-id=\"7d92084\" data-element_type=\"widget\" data-e-type=\"widget\" data-widget_type=\"menu-anchor.default\">\n\t\t\t\t<div class=\"elementor-widget-container\">\n\t\t\t\t\t\t\t<div class=\"elementor-menu-anchor\" id=\"naturelovers\"><\/div>\n\t\t\t\t\t\t<\/div>\n\t\t\t\t<\/div>\n\t\t\t\t<div class=\"elementor-element elementor-element-cbe550a elementor-widget__width-auto elementor-absolute elementor-widget elementor-widget-image\" data-id=\"cbe550a\" data-element_type=\"widget\" data-e-type=\"widget\" data-settings=\"{&quot;_position&quot;:&quot;absolute&quot;}\" data-widget_type=\"image.default\">\n\t\t\t\t<div class=\"elementor-widget-container\">\n\t\t\t\t\t\t\t\t\t\t\t\t\t\t\t<img decoding=\"async\" width=\"71\" height=\"49\" src=\"https:\/\/apart-feine-zeit.at\/wp-content\/uploads\/2023\/06\/Anfuehrungszeichen-1.png\" class=\"attachment-large size-large wp-image-1079\" alt=\"\" \/>\t\t\t\t\t\t\t\t\t\t\t\t\t\t\t<\/div>\n\t\t\t\t<\/div>\n\t\t\t\t<div class=\"elementor-element elementor-element-b388470 elementor-widget elementor-widget-text-editor\" data-id=\"b388470\" data-element_type=\"widget\" data-e-type=\"widget\" data-widget_type=\"text-editor.default\">\n\t\t\t\t<div class=\"elementor-widget-container\">\n\t\t\t\t\t\t\t\t\t<p>Directions \u2013 How to find us<\/p>\n\t\t\t\t\t\t\t\t<\/div>\n\t\t\t\t<\/div>\n\t\t\t\t<\/div>\n\t\t<div class=\"elementor-element elementor-element-40a50a6 e-flex e-con-boxed e-con e-parent\" data-id=\"40a50a6\" data-element_type=\"container\" data-e-type=\"container\">\n\t\t\t\t\t<div class=\"e-con-inner\">\n\t\t\t\t\t<\/div>\n\t\t\t\t<\/div>\n\t\t\t\t<\/div>\n\t\t<div class=\"elementor-element elementor-element-77b73fa e-con-full e-flex e-con e-parent\" data-id=\"77b73fa\" data-element_type=\"container\" data-e-type=\"container\">\n\t\t<div class=\"elementor-element elementor-element-b996016 e-flex e-con-boxed e-con e-parent\" data-id=\"b996016\" data-element_type=\"container\" data-e-type=\"container\">\n\t\t\t\t\t<div class=\"e-con-inner\">\n\t\t\t\t<div class=\"elementor-element elementor-element-cdc7da5 elementor-widget elementor-widget-text-editor\" data-id=\"cdc7da5\" data-element_type=\"widget\" data-e-type=\"widget\" data-widget_type=\"text-editor.default\">\n\t\t\t\t<div class=\"elementor-widget-container\">\n\t\t\t\t\t\t\t\t\t<p class=\"Text\"><span lang=\"DE\">Our apartments are located <b>near the train station in Sch\u00f6nwies<\/b>, which makes a sustainable arrival by <b>public transport<\/b> possible. If you decide to travel by <b>car<\/b>, take the Mils\/Sch\u00f6nwies exit off the Inntal freeway and take the second exit at the roundabout. Then follow the B171 to Sch\u00f6nwies. After 3.5 km (2.2 miles) turn left onto Dorf; after another 180 m (600 ft) take another left onto \u00d6de. After 20 m (66 ft) turn slightly right to stay on \u00d6de and after another 80 m (262 ft) you will reach our apartment building. Both apartments are located in the gray part of the building. <\/span><\/p>\n\t\t\t\t\t\t\t\t<\/div>\n\t\t\t\t<\/div>\n\t\t\t\t\t<\/div>\n\t\t\t\t<\/div>\n\t\t\t\t<\/div>\n\t\t\t\t\t<\/div>\n\t\t\t\t<\/div>\n\t\t\t\t<\/div>\n\t\t","protected":false},"excerpt":{"rendered":"<p>Location &amp; directions Location &amp; directions Location Situated between Imst and Landeck, surrounded by beautiful meadows and mountains, the community of Sch\u00f6nwies in the Upper Inn Valley lives up to its name. Due to its central location between mountain and valley, it is the perfect starting point for a wide variety of excursion destinations \u2013 [&hellip;]<\/p>\n","protected":false},"author":2,"featured_media":0,"parent":0,"menu_order":9,"comment_status":"closed","ping_status":"closed","template":"","meta":{"_acf_changed":false,"footnotes":""},"class_list":["post-1177","page","type-page","status-publish","hentry"],"acf":[],"yoast_head":"<!-- This site is optimized with the Yoast SEO plugin v27.5 - https:\/\/yoast.com\/product\/yoast-seo-wordpress\/ -->\n<title>Apart Feine Zeit | Sch\u00f6nwies | Tyrol | Vacation | Location &amp; directions<\/title>\n<meta name=\"description\" content=\"Arriving by train? No problem! Our apartments are located right next to the train station and offers you the perfect connection to the public transport.\" \/>\n<meta name=\"robots\" content=\"index, follow, max-snippet:-1, max-image-preview:large, max-video-preview:-1\" \/>\n<link rel=\"canonical\" href=\"https:\/\/apart-feine-zeit.at\/en\/location-directions\/\" \/>\n<meta property=\"og:locale\" content=\"en_US\" \/>\n<meta property=\"og:type\" content=\"article\" \/>\n<meta property=\"og:title\" content=\"Apart Feine Zeit | Sch\u00f6nwies | Tyrol | Vacation | Location &amp; directions\" \/>\n<meta property=\"og:description\" content=\"Arriving by train? No problem! Our apartments are located right next to the train station and offers you the perfect connection to the public transport.\" \/>\n<meta property=\"og:url\" content=\"https:\/\/apart-feine-zeit.at\/en\/location-directions\/\" \/>\n<meta property=\"og:site_name\" content=\"Apart Feine Zeit\" \/>\n<meta property=\"article:modified_time\" content=\"2023-11-07T15:44:45+00:00\" \/>\n<meta property=\"og:image\" content=\"https:\/\/apart-feine-zeit.at\/wp-content\/uploads\/2023\/06\/Pfeil-Start-1-1.png\" \/>\n<meta name=\"twitter:card\" content=\"summary_large_image\" \/>\n<meta name=\"twitter:label1\" content=\"Est. reading time\" \/>\n\t<meta name=\"twitter:data1\" content=\"1 minute\" \/>\n<script type=\"application\/ld+json\" class=\"yoast-schema-graph\">{\"@context\":\"https:\\\/\\\/schema.org\",\"@graph\":[{\"@type\":\"WebPage\",\"@id\":\"https:\\\/\\\/apart-feine-zeit.at\\\/en\\\/location-directions\\\/\",\"url\":\"https:\\\/\\\/apart-feine-zeit.at\\\/en\\\/location-directions\\\/\",\"name\":\"Apart Feine Zeit | Sch\u00f6nwies | Tyrol | Vacation | Location & directions\",\"isPartOf\":{\"@id\":\"https:\\\/\\\/apart-feine-zeit.at\\\/en\\\/#website\"},\"primaryImageOfPage\":{\"@id\":\"https:\\\/\\\/apart-feine-zeit.at\\\/en\\\/location-directions\\\/#primaryimage\"},\"image\":{\"@id\":\"https:\\\/\\\/apart-feine-zeit.at\\\/en\\\/location-directions\\\/#primaryimage\"},\"thumbnailUrl\":\"https:\\\/\\\/apart-feine-zeit.at\\\/wp-content\\\/uploads\\\/2023\\\/06\\\/Pfeil-Start-1-1.png\",\"datePublished\":\"2023-06-05T12:17:22+00:00\",\"dateModified\":\"2023-11-07T15:44:45+00:00\",\"description\":\"Arriving by train? No problem! Our apartments are located right next to the train station and offers you the perfect connection to the public transport.\",\"breadcrumb\":{\"@id\":\"https:\\\/\\\/apart-feine-zeit.at\\\/en\\\/location-directions\\\/#breadcrumb\"},\"inLanguage\":\"en-US\",\"potentialAction\":[{\"@type\":\"ReadAction\",\"target\":[\"https:\\\/\\\/apart-feine-zeit.at\\\/en\\\/location-directions\\\/\"]}]},{\"@type\":\"ImageObject\",\"inLanguage\":\"en-US\",\"@id\":\"https:\\\/\\\/apart-feine-zeit.at\\\/en\\\/location-directions\\\/#primaryimage\",\"url\":\"https:\\\/\\\/apart-feine-zeit.at\\\/wp-content\\\/uploads\\\/2023\\\/06\\\/Pfeil-Start-1-1.png\",\"contentUrl\":\"https:\\\/\\\/apart-feine-zeit.at\\\/wp-content\\\/uploads\\\/2023\\\/06\\\/Pfeil-Start-1-1.png\"},{\"@type\":\"BreadcrumbList\",\"@id\":\"https:\\\/\\\/apart-feine-zeit.at\\\/en\\\/location-directions\\\/#breadcrumb\",\"itemListElement\":[{\"@type\":\"ListItem\",\"position\":1,\"name\":\"Startseite\",\"item\":\"https:\\\/\\\/apart-feine-zeit.at\\\/en\\\/\"},{\"@type\":\"ListItem\",\"position\":2,\"name\":\"Location &amp; directions\"}]},{\"@type\":\"WebSite\",\"@id\":\"https:\\\/\\\/apart-feine-zeit.at\\\/en\\\/#website\",\"url\":\"https:\\\/\\\/apart-feine-zeit.at\\\/en\\\/\",\"name\":\"Apart Feine Zeit\",\"description\":\"Apartments in Sch\u00f6nwies\",\"publisher\":{\"@id\":\"https:\\\/\\\/apart-feine-zeit.at\\\/en\\\/#organization\"},\"potentialAction\":[{\"@type\":\"SearchAction\",\"target\":{\"@type\":\"EntryPoint\",\"urlTemplate\":\"https:\\\/\\\/apart-feine-zeit.at\\\/en\\\/?s={search_term_string}\"},\"query-input\":{\"@type\":\"PropertyValueSpecification\",\"valueRequired\":true,\"valueName\":\"search_term_string\"}}],\"inLanguage\":\"en-US\"},{\"@type\":\"Organization\",\"@id\":\"https:\\\/\\\/apart-feine-zeit.at\\\/en\\\/#organization\",\"name\":\"Apart Feine Zeit\",\"url\":\"https:\\\/\\\/apart-feine-zeit.at\\\/en\\\/\",\"logo\":{\"@type\":\"ImageObject\",\"inLanguage\":\"en-US\",\"@id\":\"https:\\\/\\\/apart-feine-zeit.at\\\/en\\\/#\\\/schema\\\/logo\\\/image\\\/\",\"url\":\"https:\\\/\\\/apart-feine-zeit.at\\\/wp-content\\\/uploads\\\/2023\\\/05\\\/Site-logo-feine-zeit.png\",\"contentUrl\":\"https:\\\/\\\/apart-feine-zeit.at\\\/wp-content\\\/uploads\\\/2023\\\/05\\\/Site-logo-feine-zeit.png\",\"width\":96,\"height\":96,\"caption\":\"Apart Feine Zeit\"},\"image\":{\"@id\":\"https:\\\/\\\/apart-feine-zeit.at\\\/en\\\/#\\\/schema\\\/logo\\\/image\\\/\"}}]}<\/script>\n<!-- \/ Yoast SEO plugin. -->","yoast_head_json":{"title":"Apart Feine Zeit | Sch\u00f6nwies | Tyrol | Vacation | Location & directions","description":"Arriving by train? No problem! Our apartments are located right next to the train station and offers you the perfect connection to the public transport.","robots":{"index":"index","follow":"follow","max-snippet":"max-snippet:-1","max-image-preview":"max-image-preview:large","max-video-preview":"max-video-preview:-1"},"canonical":"https:\/\/apart-feine-zeit.at\/en\/location-directions\/","og_locale":"en_US","og_type":"article","og_title":"Apart Feine Zeit | Sch\u00f6nwies | Tyrol | Vacation | Location & directions","og_description":"Arriving by train? No problem! Our apartments are located right next to the train station and offers you the perfect connection to the public transport.","og_url":"https:\/\/apart-feine-zeit.at\/en\/location-directions\/","og_site_name":"Apart Feine Zeit","article_modified_time":"2023-11-07T15:44:45+00:00","og_image":[{"url":"https:\/\/apart-feine-zeit.at\/wp-content\/uploads\/2023\/06\/Pfeil-Start-1-1.png","type":"","width":"","height":""}],"twitter_card":"summary_large_image","twitter_misc":{"Est. reading time":"1 minute"},"schema":{"@context":"https:\/\/schema.org","@graph":[{"@type":"WebPage","@id":"https:\/\/apart-feine-zeit.at\/en\/location-directions\/","url":"https:\/\/apart-feine-zeit.at\/en\/location-directions\/","name":"Apart Feine Zeit | Sch\u00f6nwies | Tyrol | Vacation | Location & directions","isPartOf":{"@id":"https:\/\/apart-feine-zeit.at\/en\/#website"},"primaryImageOfPage":{"@id":"https:\/\/apart-feine-zeit.at\/en\/location-directions\/#primaryimage"},"image":{"@id":"https:\/\/apart-feine-zeit.at\/en\/location-directions\/#primaryimage"},"thumbnailUrl":"https:\/\/apart-feine-zeit.at\/wp-content\/uploads\/2023\/06\/Pfeil-Start-1-1.png","datePublished":"2023-06-05T12:17:22+00:00","dateModified":"2023-11-07T15:44:45+00:00","description":"Arriving by train? No problem! Our apartments are located right next to the train station and offers you the perfect connection to the public transport.","breadcrumb":{"@id":"https:\/\/apart-feine-zeit.at\/en\/location-directions\/#breadcrumb"},"inLanguage":"en-US","potentialAction":[{"@type":"ReadAction","target":["https:\/\/apart-feine-zeit.at\/en\/location-directions\/"]}]},{"@type":"ImageObject","inLanguage":"en-US","@id":"https:\/\/apart-feine-zeit.at\/en\/location-directions\/#primaryimage","url":"https:\/\/apart-feine-zeit.at\/wp-content\/uploads\/2023\/06\/Pfeil-Start-1-1.png","contentUrl":"https:\/\/apart-feine-zeit.at\/wp-content\/uploads\/2023\/06\/Pfeil-Start-1-1.png"},{"@type":"BreadcrumbList","@id":"https:\/\/apart-feine-zeit.at\/en\/location-directions\/#breadcrumb","itemListElement":[{"@type":"ListItem","position":1,"name":"Startseite","item":"https:\/\/apart-feine-zeit.at\/en\/"},{"@type":"ListItem","position":2,"name":"Location &amp; directions"}]},{"@type":"WebSite","@id":"https:\/\/apart-feine-zeit.at\/en\/#website","url":"https:\/\/apart-feine-zeit.at\/en\/","name":"Apart Feine Zeit","description":"Apartments in Sch\u00f6nwies","publisher":{"@id":"https:\/\/apart-feine-zeit.at\/en\/#organization"},"potentialAction":[{"@type":"SearchAction","target":{"@type":"EntryPoint","urlTemplate":"https:\/\/apart-feine-zeit.at\/en\/?s={search_term_string}"},"query-input":{"@type":"PropertyValueSpecification","valueRequired":true,"valueName":"search_term_string"}}],"inLanguage":"en-US"},{"@type":"Organization","@id":"https:\/\/apart-feine-zeit.at\/en\/#organization","name":"Apart Feine Zeit","url":"https:\/\/apart-feine-zeit.at\/en\/","logo":{"@type":"ImageObject","inLanguage":"en-US","@id":"https:\/\/apart-feine-zeit.at\/en\/#\/schema\/logo\/image\/","url":"https:\/\/apart-feine-zeit.at\/wp-content\/uploads\/2023\/05\/Site-logo-feine-zeit.png","contentUrl":"https:\/\/apart-feine-zeit.at\/wp-content\/uploads\/2023\/05\/Site-logo-feine-zeit.png","width":96,"height":96,"caption":"Apart Feine Zeit"},"image":{"@id":"https:\/\/apart-feine-zeit.at\/en\/#\/schema\/logo\/image\/"}}]}},"_links":{"self":[{"href":"https:\/\/apart-feine-zeit.at\/en\/wp-json\/wp\/v2\/pages\/1177","targetHints":{"allow":["GET"]}}],"collection":[{"href":"https:\/\/apart-feine-zeit.at\/en\/wp-json\/wp\/v2\/pages"}],"about":[{"href":"https:\/\/apart-feine-zeit.at\/en\/wp-json\/wp\/v2\/types\/page"}],"author":[{"embeddable":true,"href":"https:\/\/apart-feine-zeit.at\/en\/wp-json\/wp\/v2\/users\/2"}],"replies":[{"embeddable":true,"href":"https:\/\/apart-feine-zeit.at\/en\/wp-json\/wp\/v2\/comments?post=1177"}],"version-history":[{"count":2,"href":"https:\/\/apart-feine-zeit.at\/en\/wp-json\/wp\/v2\/pages\/1177\/revisions"}],"predecessor-version":[{"id":1187,"href":"https:\/\/apart-feine-zeit.at\/en\/wp-json\/wp\/v2\/pages\/1177\/revisions\/1187"}],"wp:attachment":[{"href":"https:\/\/apart-feine-zeit.at\/en\/wp-json\/wp\/v2\/media?parent=1177"}],"curies":[{"name":"wp","href":"https:\/\/api.w.org\/{rel}","templated":true}]}}